{"id":104,"date":"2025-05-16T13:56:46","date_gmt":"2025-05-16T12:56:46","guid":{"rendered":"https:\/\/podologiepetz.de\/?page_id=104"},"modified":"2025-05-16T14:08:04","modified_gmt":"2025-05-16T13:08:04","slug":"podologie","status":"publish","type":"page","link":"https:\/\/podologiepetz.de\/","title":{"rendered":"Podologie"},"content":{"rendered":"\n<div class=\"wp-block-query is-layout-flow wp-block-query-is-layout-flow\"><ul class=\"wp-block-post-template is-layout-flow wp-block-post-template-is-layout-flow\"><li class=\"wp-block-post post-1 post type-post status-publish format-standard has-post-thumbnail hentry category-startseite entry\">\n<h2 class=\"wp-block-post-title\"><a href=\"https:\/\/podologiepetz.de\/?p=1\" target=\"_self\" >Herzlich Willkommen,<\/a><\/h2>\n\n<figure class=\"alignwide wp-block-post-featured-image\"><a href=\"https:\/\/podologiepetz.de\/?p=1\" target=\"_self\"  ><img loading=\"lazy\" decoding=\"async\" width=\"1536\" height=\"2048\" src=\"https:\/\/podologiepetz.de\/wp-content\/uploads\/2022\/11\/128d3d6a-5c52-4666-866f-a008eb8df41a.jpg\" class=\"attachment-post-thumbnail size-post-thumbnail wp-post-image\" alt=\"Herzlich Willkommen,\" style=\"width:100%;height:133.33%;max-width:1536px;object-fit:cover;\" srcset=\"https:\/\/podologiepetz.de\/wp-content\/uploads\/2022\/11\/128d3d6a-5c52-4666-866f-a008eb8df41a.jpg 1536w, https:\/\/podologiepetz.de\/wp-content\/uploads\/2022\/11\/128d3d6a-5c52-4666-866f-a008eb8df41a-225x300.jpg 225w, https:\/\/podologiepetz.de\/wp-content\/uploads\/2022\/11\/128d3d6a-5c52-4666-866f-a008eb8df41a-768x1024.jpg 768w, https:\/\/podologiepetz.de\/wp-content\/uploads\/2022\/11\/128d3d6a-5c52-4666-866f-a008eb8df41a-1152x1536.jpg 1152w\" sizes=\"auto, (max-width: 1536px) 100vw, 1536px\" \/><\/a><\/figure>\n\n<div class=\"wp-block-post-excerpt\"><p class=\"wp-block-post-excerpt__excerpt\">Seit dem 01.05.2025 in Hamminkeln Dingden <\/p><\/div>\n\n\n<p>bei der Podologie Petz. <strong>Ihre Podologische Praxis in Hamminkeln Dingden; Am Kirchplatz 3<\/strong>. F\u00fcr Fragen, Informationen und zur Terminabstimmung k\u00f6nnen Sie uns \u00fcber folgende Wege erreichen.&nbsp;<\/p>\n\n\n\n<p>Wir sind eine reine Terminpraxis, bei uns m\u00fcssen Sie vor Ihrem Besuch bei uns einen Termin vereinbaren. So wird sichergestellt, dass jedem Patienten gen\u00fcgend Zeit und Aufmerksamkeit zur Behandlung zur Verf\u00fcgung steht und es f\u00fcr Sie nicht zu langen Wartezeiten kommt.<\/p>\n\n\n\n<p>&nbsp;<\/p>\n\n\n\n<p>\u00a0          <\/p>\n\n\n\n<ul class=\"wp-block-list\">\n<li>Praxis 02852 960 2064<\/li>\n<\/ul>\n\n\n\n<ul class=\"wp-block-list\">\n<li>Mobil 0172 671 2817<\/li>\n<\/ul>\n\n\n\n<ul class=\"wp-block-list\">\n<li>E-Mail info@podologiepetz.de<\/li>\n<\/ul>\n\n\n\n<\/p>\n\n\n\n<p><\/p>\n\n\n\n<h3 class=\"wp-block-heading\">Sch\u00f6n das Sie uns gefunden haben!<\/h3>\n\n\n\n<p>Hier finden Sie alle Informationen rund um unsere Dienstleistung als Podologin.<\/p>\n\n\n\n<p><strong>MIT KASSENZULASSUNG<\/strong><\/p>\n\n\n\n<p><em>Hausbesuche nur auf \u00e4rztliche Verordnung.<\/em><\/p>\n\n\n\n<p>In meiner Praxis finden Sie Zeit zum Entspannen in einer angenehmen Atmosph\u00e4re. Mit qualifiziertem Fachwissen und hochwertigen Produkten arbeite ich f\u00fcr das Wohlbefinden und die Gesundheit ihres Fu\u00dfes. Gern komme ich auch ins Haus und biete Ihnen diese professionelle Qualit\u00e4t vor Ort an.<\/p>\n\n\n\n<p>Ich biete Ihnen hier meine Dienste als Podologin an. Im Januar 2017 habe ich meinen eigenen Praxisraum in unserem Haus geplant und eingerichtet. Seit April 2017 ist auch die Ausr\u00fcstung f\u00fcr die mobile Fu\u00dfpflege dazugekommen. In meiner neuen Praxis (ab dem 01.05.2025 in <strong>Hamminkeln-Dingden, Am Kirchplatz 3<\/strong>)&nbsp; bringe ich meine Erfahrungen in der individuellen Pflege der F\u00fc\u00dfe ein. Die eigenen Bed\u00fcrfnisse des Fu\u00dfes sind auf jede Behandlung abgestimmt.<\/p>\n\n\n\n<p>Immer&nbsp;noch werden die F\u00fc\u00dfe zu oft &nbsp;vernachl\u00e4ssigt, die Menschen machen sich keine Gedanken \u00fcber ihre F\u00fc\u00dfe. Unsere F\u00fc\u00dfe tragen uns ein ganzes Leben und legen gesch\u00e4tzt 120.000 km zur\u00fcck. Das entspricht der 3-maligen Umrundung der Erde. Die F\u00e4higkeit diese Belastung auszuhalten, verdanken wir der komplexen Struktur des Fu\u00dfskelett.26 Knochen und 34 Gelenke sowie 20 Muskeln mit starken Sehnen, sowie einer Vielzahl von Nerven und Blutgef\u00e4\u00dfen.<\/p>\n\n\n\n<h3 class=\"wp-block-heading\">Wann beginnt man sich Gedanken zu machen, \u00fcber die F\u00fc\u00dfe?<\/h3>\n\n\n\n<p>Wenn diese bereits schmerzen. &nbsp;Das Wohlbefinden wird eingeschr\u00e4nkt, also sollte man es durch Vorbeugung vermeiden. Denken Sie doch einmal dar\u00fcber nach, ihre F\u00fc\u00dfe stellen f\u00fcr Sie die Verbindung zum Boden her, geben R\u00fcckmeldung \u00fcber Temperatur, Druckver\u00e4nderungen, den Zustand des Untergrundes. Alle Informationen die Ihnen Ihre F\u00fc\u00dfe \u00fcbermitteln, helfen Ihnen zu einem guten Lebensgef\u00fchl.<\/p>\n\n\n\n<p>In meinem Gesch\u00e4ft arbeite ich nach h\u00f6chsten Hygienestandards und gebe Gew\u00e4hrleistung auf eine hygienisch einwandfreie Behandlung Ihrer F\u00fc\u00dfe. Dabei steht f\u00fcr mich auch das gesamte Wohlbefinden im Vordergrund. In meinem Raum erwartet Sie eine ruhige und angenehme Atmosph\u00e4re. Service wird f\u00fcr mich gro\u00dfgeschrieben.<\/p>\n\n\n\n<p>F\u00fcr Termine stehe ich Ihnen gerne telefonisch&nbsp;zur Verf\u00fcgung. Rufen Sie mich einfach an. Ich w\u00fcrde mich freuen, wenn Sie mir Ihr Vertrauen schenken und mich besuchen.<\/p>\n\n\n\n<p>Ihre Jacqueline Petz<\/p>\n\n\n\n<p><\/p>\n\n\n<div class=\"wp-block-post-date\"><time datetime=\"2025-05-01T03:48:00+01:00\">1. Mai 2025<\/time><\/div>\n<\/li><\/ul><\/div>\n","protected":false},"excerpt":{"rendered":"","protected":false},"author":1,"featured_media":0,"parent":0,"menu_order":0,"comment_status":"closed","ping_status":"closed","template":"","meta":{"footnotes":""},"class_list":["post-104","page","type-page","status-publish","hentry","entry"],"_links":{"self":[{"href":"https:\/\/podologiepetz.de\/index.php?rest_route=\/wp\/v2\/pages\/104","targetHints":{"allow":["GET"]}}],"collection":[{"href":"https:\/\/podologiepetz.de\/index.php?rest_route=\/wp\/v2\/pages"}],"about":[{"href":"https:\/\/podologiepetz.de\/index.php?rest_route=\/wp\/v2\/types\/page"}],"author":[{"embeddable":true,"href":"https:\/\/podologiepetz.de\/index.php?rest_route=\/wp\/v2\/users\/1"}],"replies":[{"embeddable":true,"href":"https:\/\/podologiepetz.de\/index.php?rest_route=%2Fwp%2Fv2%2Fcomments&post=104"}],"version-history":[{"count":4,"href":"https:\/\/podologiepetz.de\/index.php?rest_route=\/wp\/v2\/pages\/104\/revisions"}],"predecessor-version":[{"id":114,"href":"https:\/\/podologiepetz.de\/index.php?rest_route=\/wp\/v2\/pages\/104\/revisions\/114"}],"wp:attachment":[{"href":"https:\/\/podologiepetz.de\/index.php?rest_route=%2Fwp%2Fv2%2Fmedia&parent=104"}],"curies":[{"name":"wp","href":"https:\/\/api.w.org\/{rel}","templated":true}]}}